{"id":1924,"date":"2022-03-23T12:27:07","date_gmt":"2022-03-23T09:27:07","guid":{"rendered":"https:\/\/icbpe.herzen.spb.ru\/?page_id=1924"},"modified":"2025-07-28T14:23:08","modified_gmt":"2025-07-28T11:23:08","slug":"%d0%ba%d0%be%d0%bb%d0%bb%d0%b5%d0%ba%d1%82%d0%b8%d0%b2-%d0%bc%d1%86%d0%b1%d0%b8%d0%bf%d0%be","status":"publish","type":"page","link":"https:\/\/icbpe.herzen.spb.ru\/?page_id=1924","title":{"rendered":"\u041a\u043e\u043b\u043b\u0435\u043a\u0442\u0438\u0432 \u041c\u0426\u0411\u0438\u041f\u041e"},"content":{"rendered":"\n<p>\u041a\u043e\u043b\u043b\u0435\u043a\u0442\u0438\u0432 \u041c\u0426\u0411\u0438\u041f\u041e \u0418\u043d\u0441\u0442\u0438\u0442\u0443\u0442\u0430 \u0420\u041a\u0418 \u043f\u0440\u0435\u0434\u0441\u0442\u0430\u0432\u043b\u044f\u0435\u0442 \u0441\u043e\u0431\u043e\u0439 \u043a\u043e\u043c\u0430\u043d\u0434\u0443 \u043f\u0440\u043e\u0444\u0435\u0441\u0441\u0438\u043e\u043d\u0430\u043b\u043e\u0432-\u0435\u0434\u0438\u043d\u043e\u043c\u044b\u0448\u043b\u0435\u043d\u043d\u0438\u043a\u043e\u0432, \u043e\u0431\u044a\u0435\u0434\u0438\u043d\u0435\u043d\u043d\u044b\u0445 \u043e\u0431\u0449\u0438\u043c\u0438 \u043d\u0430\u0443\u0447\u043d\u044b\u043c\u0438, \u043d\u0430\u0443\u0447\u043d\u043e-\u043f\u0440\u0430\u043a\u0442\u0438\u0447\u0435\u0441\u043a\u0438\u043c, \u043d\u0430\u0443\u0447\u043d\u043e-\u043c\u0435\u0442\u043e\u0434\u0438\u0447\u0435\u0441\u043a\u0438\u043c\u0438 \u0438\u043d\u0442\u0435\u0440\u0435\u0441\u0430\u043c\u0438: \u0431\u0438\u043b\u0438\u043d\u0433\u0432\u0430\u043b\u044c\u043d\u043e\u0435 \u043e\u0431\u0440\u0430\u0437\u043e\u0432\u0430\u043d\u0438\u0435, \u0431\u0438\u043b\u0438\u043d\u0433\u0432\u0438\u0437\u043c, \u043f\u043e\u043b\u0438\u043a\u0443\u043b\u044c\u0442\u0443\u0440\u043d\u043e\u0435 \u043e\u0431\u0440\u0430\u0437\u043e\u0432\u0430\u043d\u0438\u0435, \u043c\u0435\u0436\u043a\u0443\u043b\u044c\u0442\u0443\u0440\u043d\u0430\u044f \u043a\u043e\u043c\u043c\u0443\u043d\u0438\u043a\u0430\u0446\u0438\u044f, \u043b\u0438\u043d\u0433\u0432\u043e\u043a\u0443\u043b\u044c\u0442\u0443\u0440\u043e\u043b\u043e\u0433\u0438\u044f, \u0442\u0435\u043e\u0440\u0438\u044f \u0438 \u043c\u0435\u0442\u043e\u0434\u0438\u043a\u0430 \u043f\u0440\u0435\u043f\u043e\u0434\u0430\u0432\u0430\u043d\u0438\u044f \u0440\u0443\u0441\u0441\u043a\u043e\u0433\u043e \u044f\u0437\u044b\u043a\u0430 \u043a\u0430\u043a \u0438\u043d\u043e\u0441\u0442\u0440\u0430\u043d\u043d\u043e\u0433\u043e \u0438 \u0440\u0443\u0441\u0441\u043a\u043e\u0433\u043e \u044f\u0437\u044b\u043a\u0430 \u043a\u0430\u043a \u043d\u0435\u0440\u043e\u0434\u043d\u043e\u0433\u043e, \u043b\u0438\u043d\u0433\u0432\u043e\u0434\u0438\u0434\u0430\u043a\u0442\u0438\u0447\u0435\u0441\u043a\u0430\u044f \u0434\u0438\u0430\u0433\u043d\u043e\u0441\u0442\u0438\u043a\u0430 \u0438 \u0434\u0440.<\/p>\n\n\n\n<p><em>\u041f\u043e\u0434\u0440\u043e\u0431\u043d\u0435\u0435 \u043e \u0441\u043e\u0442\u0440\u0443\u0434\u043d\u0438\u043a\u0430\u0445 \u041c\u0426\u0411\u0438\u041f\u041e \u043c\u043e\u0436\u043d\u043e \u0443\u0437\u043d\u0430\u0442\u044c \u043d\u0430 \u0438\u0445 \u043f\u0435\u0440\u0441\u043e\u043d\u0430\u043b\u044c\u043d\u044b\u0445 \u0441\u0442\u0440\u0430\u043d\u0438\u0446\u0430\u0445<\/em><\/p>\n\n\n\n<p><a href=\"https:\/\/icbpe.herzen.spb.ru\/?p=318\">\u0425\u0430\u043c\u0440\u0430\u0435\u0432\u0430 \u0415\u043b\u0438\u0437\u0430\u0432\u0435\u0442\u0430 \u0410\u043b\u0435\u043a\u0441\u0430\u043d\u0434\u0440\u043e\u0432\u043d\u0430<\/a>, \u0434.\u043f.\u043d., \u043d\u0430\u0443\u0447\u043d\u044b\u0439 \u0440\u0443\u043a\u043e\u0432\u043e\u0434\u0438\u0442\u0435\u043b\u044c, \u0432\u0435\u0434\u0443\u0449\u0438\u0439 \u043d\u0430\u0443\u0447\u043d\u044b\u0439 \u0441\u043e\u0442\u0440\u0443\u0434\u043d\u0438\u043a, \u043f\u0440\u043e\u0444\u0435\u0441\u0441\u043e\u0440 \u043a\u0430\u0444\u0435\u0434\u0440\u044b \u0438\u043d\u0442\u0435\u043d\u0441\u0438\u0432\u043d\u043e\u0433\u043e \u043e\u0431\u0443\u0447\u0435\u043d\u0438\u044f \u0440\u0443\u0441\u0441\u043a\u043e\u043c\u0443 \u044f\u0437\u044b\u043a\u0443 \u043a\u0430\u043a \u0438\u043d\u043e\u0441\u0442\u0440\u0430\u043d\u043d\u043e\u043c\u0443<\/p>\n\n\n\n<p><a href=\"https:\/\/icbpe.herzen.spb.ru\/?p=1124\">\u0410\u043b\u0435\u043a\u0441\u0438\u043d\u0441\u043a\u0430\u044f \u0410\u043d\u0430\u0441\u0442\u0430\u0441\u0438\u044f \u042e\u0440\u044c\u0435\u0432\u043d\u0430<\/a>, \u0434\u0438\u0440\u0435\u043a\u0442\u043e\u0440<\/p>\n\n\n\n<p><a href=\"https:\/\/icbpe.herzen.spb.ru\/?p=332\">\u0428\u043e\u0440\u0438\u043d\u0430 \u0422\u0430\u0442\u044c\u044f\u043d\u0430 \u0410\u043b\u0435\u043a\u0441\u0430\u043d\u0434\u0440\u043e\u0432\u043d\u0430<\/a>, \u043a.\u043f.\u043d., \u0432\u0435\u0434\u0443\u0449\u0438\u0439 \u043d\u0430\u0443\u0447\u043d\u044b\u0439 \u0441\u043e\u0442\u0440\u0443\u0434\u043d\u0438\u043a<\/p>\n\n\n\n<p>\u0416\u0435\u043b\u0435\u0437\u043d\u044f\u043a\u043e\u0432\u0430 \u0415\u043b\u0435\u043d\u0430 \u0410\u043b\u0435\u043a\u0441\u0435\u0435\u0432\u043d\u0430, \u043a.\u043f.\u043d., \u0432\u0435\u0434\u0443\u0449\u0438\u0439 \u043d\u0430\u0443\u0447\u043d\u044b\u0439 \u0441\u043e\u0442\u0440\u0443\u0434\u043d\u0438\u043a, \u0438.\u043e. \u0437\u0430\u0432.\u043a\u0430\u0444\u0435\u0434\u0440\u043e\u0439 \u043c\u0435\u0436\u043a\u0443\u043b\u044c\u0442\u0443\u0440\u043d\u043e\u0439 \u043a\u043e\u043c\u043c\u0443\u043d\u0438\u043a\u0430\u0446\u0438\u0438<\/p>\n\n\n\n<p>\u0412\u0430\u0441\u0438\u043b\u044c\u0435\u0432\u0430 \u0410\u043d\u0430\u0441\u0442\u0430\u0441\u0438\u044f \u0412\u043b\u0430\u0434\u0438\u043c\u0438\u0440\u043e\u0432\u043d\u0430, \u043a.\u043f.\u043d., \u0441\u0442\u0430\u0440\u0448\u0438\u0439 \u043d\u0430\u0443\u0447\u043d\u044b\u0439 \u0441\u043e\u0442\u0440\u0443\u0434\u043d\u0438\u043a<\/p>\n\n\n\n<p>\u0421\u0430\u043b\u044c\u043c\u0430\u043d \u0415\u043b\u0435\u043d\u0430 \u0410\u043b\u0435\u043a\u0441\u0430\u043d\u0434\u0440\u043e\u0432\u043d\u0430, \u043a.\u0444.\u043d., \u0441\u0442\u0430\u0440\u0448\u0438\u0439 \u043d\u0430\u0443\u0447\u043d\u044b\u0439 \u0441\u043e\u0442\u0440\u0443\u0434\u043d\u0438\u043a<\/p>\n\n\n\n<p><\/p>\n\n\n\n<p>\u0421 \u043d\u0430\u043c\u0438 \u0440\u0430\u0431\u043e\u0442\u0430\u043b\u0438:<\/p>\n\n\n\n<p><a href=\"https:\/\/icbpe.herzen.spb.ru\/?p=324\">\u041b\u044b\u0441\u0430\u043a\u043e\u0432\u0430 \u0418\u0440\u0438\u043d\u0430 \u041f\u0430\u0432\u043b\u043e\u0432\u043d\u0430<\/a>, \u0437\u0430\u0432. \u043a\u0430\u0444\u0435\u0434\u0440\u043e\u0439 \u041c\u0435\u0436\u043a\u0443\u043b\u044c\u0442\u0443\u0440\u043d\u043e\u0439 \u043a\u043e\u043c\u043c\u0443\u043d\u0438\u043a\u0430\u0446\u0438\u0438, \u0432\u043d\u0443\u0442\u0440\u0435\u043d\u043d\u0438\u0439 \u0441\u043e\u0432\u043c\u0435\u0441\u0442\u0438\u0442\u0435\u043b\u044c \u041c\u0426\u0411\u0438\u041f\u041e<\/p>\n\n\n\n<p><a href=\"https:\/\/icbpe.herzen.spb.ru\/?p=767\" data-type=\"URL\" data-id=\"https:\/\/icbpe.herzen.spb.ru\/?p=767\" target=\"_blank\" rel=\"noreferrer noopener\">\u0413\u0430\u0433\u0430\u0440\u0438\u043d\u0430 \u041d\u0430\u0442\u0430\u043b\u044c\u044f \u0412\u043b\u0430\u0434\u0438\u043c\u0438\u0440\u043e\u0432\u043d\u0430<\/a>, \u043f\u0440\u043e\u0444\u0435\u0441\u0441\u043e\u0440 \u0423\u043d\u0438\u0432\u0435\u0440\u0441\u0438\u0442\u0435\u0442\u0430 \u0438\u043c\u0435\u043d\u0438 \u0413\u0443\u043c\u0431\u043e\u043b\u044c\u0434\u0442\u0430, \u0423\u043d\u0438\u0432\u0435\u0440\u0441\u0438\u0442\u0435\u0442\u0430 \u0423\u043f\u043f\u0441\u0430\u043b\u044b \u0438 \u0413\u043b\u0430\u0432\u0430 \u0434\u0435\u043f\u0430\u0440\u0442\u0430\u043c\u0435\u043d\u0442\u0430 \u2018Language Development and Multilingualism\u2019 \u0432 \u041b\u0435\u0439\u0431\u043d\u0438\u0446-\u0446\u0435\u043d\u0442\u0440\u0435 (\u0413\u0435\u0440\u043c\u0430\u043d\u0438\u044f), \u043d\u0430\u0443\u0447\u043d\u044b\u0439 \u0441\u043e\u0442\u0440\u0443\u0434\u043d\u0438\u043a<\/p>\n\n\n\n<p>\u0413\u0435\u043b\u044c\u0444\u0440\u0435\u0439\u0445 \u041f\u043e\u043b\u0438\u043d\u0430 \u0413\u0435\u043e\u0440\u0433\u0438\u0435\u0432\u043d\u0430, \u043f\u0440\u0435\u043f\u043e\u0434\u0430\u0432\u0430\u0442\u0435\u043b\u044c \u0413\u043e\u0441\u0443\u0434\u0430\u0440\u0441\u0442\u0432\u0435\u043d\u043d\u043e\u0433\u043e \u0443\u043d\u0438\u0432\u0435\u0440\u0441\u0438\u0442\u0435\u0442\u0430 \u0433. \u041f\u0430\u0440\u043c\u044b, \u043f\u0440\u0435\u0437\u0438\u0434\u0435\u043d\u0442 \u0430\u0441\u0441\u043e\u0446\u0438\u0430\u0446\u0438\u0438 \u00ab\u0420\u0443\u0441\u0441\u043a\u0438\u0439 \u0434\u043e\u043c \u2013 \u0418\u0442\u0430\u043b\u0438\u044f\u00bb (\u041c\u0438\u043b\u0430\u043d, \u0418\u0442\u0430\u043b\u0438\u044f), \u043d\u0430\u0443\u0447\u043d\u044b\u0439 \u0441\u043e\u0442\u0440\u0443\u0434\u043d\u0438\u043a<\/p>\n\n\n\n<p>\u041f\u0430\u043b\u0430\u0434\u0438 \u0410\u043d\u0433\u0435\u043b\u0430, \u043f\u0440\u0435\u043f\u043e\u0434\u0430\u0432\u0430\u0442\u0435\u043b\u044c \u043a\u0430\u0444\u0435\u0434\u0440\u044b \u0440\u0443\u0441\u0441\u043a\u043e\u0433\u043e \u044f\u0437\u044b\u043a\u0430 \u0438 \u043b\u0438\u0442\u0435\u0440\u0430\u0442\u0443\u0440\u044b E\u00f6tv\u00f6s L\u00f3r\u00e1nd Tudom\u00e1nyegyetem (ELTE) (\u0411\u0443\u0434\u0430\u043f\u0435\u0448\u0442, \u0412\u0435\u043d\u0433\u0440\u0438\u044f), \u043d\u0430\u0443\u0447\u043d\u044b\u0439 \u0441\u043e\u0442\u0440\u0443\u0434\u043d\u0438\u043a<\/p>\n\n\n\n<p><a href=\"https:\/\/icbpe.herzen.spb.ru\/?p=329\" data-type=\"URL\" data-id=\"https:\/\/icbpe.herzen.spb.ru\/?p=329\" target=\"_blank\" rel=\"noreferrer noopener\">\u041e\u0431\u043b\u0430\u0441\u043e\u0432\u0430 \u0410\u043d\u043d\u0430 \u0412\u0430\u0441\u0438\u043b\u044c\u0435\u0432\u043d\u0430<\/a>, \u0434\u0438\u0440\u0435\u043a\u0442\u043e\u0440<\/p>\n\n\n\n<p><a href=\"https:\/\/icbpe.herzen.spb.ru\/?p=992\">\u0410\u043d\u0434\u0440\u0435\u044e\u0448\u0438\u043d\u0430 \u0415\u043b\u0438\u0437\u0430\u0432\u0435\u0442\u0430 \u0410\u043b\u0435\u043a\u0441\u0430\u043d\u0434\u0440\u043e\u0432\u043d\u0430<\/a>, \u0441\u0442\u0430\u0440\u0448\u0438\u0439 \u043d\u0430\u0443\u0447\u043d\u044b\u0439 \u0441\u043e\u0442\u0440\u0443\u0434\u043d\u0438\u043a, \u0438.\u043e. \u0434\u0438\u0440\u0435\u043a\u0442\u043e\u0440\u0430<\/p>\n\n\n\n<p><a href=\"https:\/\/icbpe.herzen.spb.ru\/?p=1158\">\u041d\u043e\u0432\u0438\u043a\u043e\u0432\u0430 \u041f\u043e\u043b\u0438\u043d\u0430 \u0412\u0430\u0441\u0438\u043b\u044c\u0435\u0432\u043d\u0430<\/a>, \u043c\u043b\u0430\u0434\u0448\u0438\u0439 \u043d\u0430\u0443\u0447\u043d\u044b\u0439 \u0441\u043e\u0442\u0440\u0443\u0434\u043d\u0438\u043a<\/p>\n\n\n\n<p><a href=\"https:\/\/icbpe.herzen.spb.ru\/?p=746\">\u041f\u0430\u0432\u043b\u043e\u0432\u0430 \u0415\u043b\u0435\u043d\u0430 \u0412\u0430\u043b\u0435\u043d\u0442\u0438\u043d\u043e\u0432\u043d\u0430<\/a>, \u043d\u0430\u0443\u0447\u043d\u044b\u0439 \u0441\u043e\u0442\u0440\u0443\u0434\u043d\u0438\u043a<\/p>\n\n\n\n<p><a href=\"https:\/\/icbpe.herzen.spb.ru\/?p=940\">\u0420\u044f\u0443\u0437\u043e\u0432\u0430 \u041e\u043b\u044c\u0433\u0430 \u042e\u0440\u044c\u0435\u0432\u043d\u0430<\/a>, \u043d\u0430\u0443\u0447\u043d\u044b\u0439 \u0441\u043e\u0442\u0440\u0443\u0434\u043d\u0438\u043a<\/p>\n\n\n\n<p><a href=\"https:\/\/icbpe.herzen.spb.ru\/?p=755\">\u0421\u0430\u043c\u0430\u0442\u043e\u0432\u0430 \u041b\u043e\u043b\u0430 \u041c\u0430\u0434\u0436\u0438\u0434\u043e\u0432\u043d\u0430<\/a>, \u043d\u0430\u0443\u0447\u043d\u044b\u0439 \u0441\u043e\u0442\u0440\u0443\u0434\u043d\u0438\u043a<\/p>\n\n\n\n<p><\/p>\n","protected":false},"excerpt":{"rendered":"<p>\u041a\u043e\u043b\u043b\u0435\u043a\u0442\u0438\u0432 \u041c\u0426\u0411\u0438\u041f\u041e \u0418\u043d\u0441\u0442\u0438\u0442\u0443\u0442\u0430 \u0420\u041a\u0418 \u043f\u0440\u0435\u0434\u0441\u0442\u0430\u0432\u043b\u044f\u0435\u0442 \u0441\u043e\u0431\u043e\u0439 \u043a\u043e\u043c\u0430\u043d\u0434\u0443 \u043f\u0440\u043e\u0444\u0435\u0441\u0441\u0438\u043e\u043d\u0430\u043b\u043e\u0432-\u0435\u0434\u0438\u043d\u043e\u043c\u044b\u0448\u043b\u0435\u043d\u043d\u0438\u043a\u043e\u0432, \u043e\u0431\u044a\u0435\u0434\u0438\u043d\u0435\u043d\u043d\u044b\u0445 \u043e\u0431\u0449\u0438\u043c\u0438 \u043d\u0430\u0443\u0447\u043d\u044b\u043c\u0438, \u043d\u0430\u0443\u0447\u043d\u043e-\u043f\u0440\u0430\u043a\u0442\u0438\u0447\u0435\u0441\u043a\u0438\u043c, \u043d\u0430\u0443\u0447\u043d\u043e-\u043c\u0435\u0442\u043e\u0434\u0438\u0447\u0435\u0441\u043a\u0438\u043c\u0438 \u0438\u043d\u0442\u0435\u0440\u0435\u0441\u0430\u043c\u0438: \u0431\u0438\u043b\u0438\u043d\u0433\u0432\u0430\u043b\u044c\u043d\u043e\u0435 \u043e\u0431\u0440\u0430\u0437\u043e\u0432\u0430\u043d\u0438\u0435, \u0431\u0438\u043b\u0438\u043d\u0433\u0432\u0438\u0437\u043c, \u043f\u043e\u043b\u0438\u043a\u0443\u043b\u044c\u0442\u0443\u0440\u043d\u043e\u0435 \u043e\u0431\u0440\u0430\u0437\u043e\u0432\u0430\u043d\u0438\u0435, \u043c\u0435\u0436\u043a\u0443\u043b\u044c\u0442\u0443\u0440\u043d\u0430\u044f \u043a\u043e\u043c\u043c\u0443\u043d\u0438\u043a\u0430\u0446\u0438\u044f, \u043b\u0438\u043d\u0433\u0432\u043e\u043a\u0443\u043b\u044c\u0442\u0443\u0440\u043e\u043b\u043e\u0433\u0438\u044f, \u0442\u0435\u043e\u0440\u0438\u044f \u0438 \u043c\u0435\u0442\u043e\u0434\u0438\u043a\u0430 \u043f\u0440\u0435\u043f\u043e\u0434\u0430\u0432\u0430\u043d\u0438\u044f \u0440\u0443\u0441\u0441\u043a\u043e\u0433\u043e \u044f\u0437\u044b\u043a\u0430 \u043a\u0430\u043a \u0438\u043d\u043e\u0441\u0442\u0440\u0430\u043d\u043d\u043e\u0433\u043e \u0438 \u0440\u0443\u0441\u0441\u043a\u043e\u0433\u043e \u044f\u0437\u044b\u043a\u0430 \u043a\u0430\u043a \u043d\u0435\u0440\u043e\u0434\u043d\u043e\u0433\u043e, \u043b\u0438\u043d\u0433\u0432\u043e\u0434\u0438\u0434\u0430\u043a\u0442\u0438\u0447\u0435\u0441\u043a\u0430\u044f \u0434\u0438\u0430\u0433\u043d\u043e\u0441\u0442\u0438\u043a\u0430 \u0438 \u0434\u0440. \u041f\u043e\u0434\u0440\u043e\u0431\u043d\u0435\u0435 \u043e \u0441\u043e\u0442\u0440\u0443\u0434\u043d\u0438\u043a\u0430\u0445 \u041c\u0426\u0411\u0438\u041f\u041e \u043c\u043e\u0436\u043d\u043e \u0443\u0437\u043d\u0430\u0442\u044c \u043d\u0430 \u0438\u0445 \u043f\u0435\u0440\u0441\u043e\u043d\u0430\u043b\u044c\u043d\u044b\u0445 \u0441\u0442\u0440\u0430\u043d\u0438\u0446\u0430\u0445 \u0425\u0430\u043c\u0440\u0430\u0435\u0432\u0430 \u0415\u043b\u0438\u0437\u0430\u0432\u0435\u0442\u0430 \u0410\u043b\u0435\u043a\u0441\u0430\u043d\u0434\u0440\u043e\u0432\u043d\u0430, \u0434.\u043f.\u043d., \u043d\u0430\u0443\u0447\u043d\u044b\u0439 \u0440\u0443\u043a\u043e\u0432\u043e\u0434\u0438\u0442\u0435\u043b\u044c, [&hellip;]<\/p>\n","protected":false},"author":25,"featured_media":0,"parent":0,"menu_order":0,"comment_status":"closed","ping_status":"closed","template":"","meta":[],"_links":{"self":[{"href":"https:\/\/icbpe.herzen.spb.ru\/index.php?rest_route=\/wp\/v2\/pages\/1924"}],"collection":[{"href":"https:\/\/icbpe.herzen.spb.ru\/index.php?rest_route=\/wp\/v2\/pages"}],"about":[{"href":"https:\/\/icbpe.herzen.spb.ru\/index.php?rest_route=\/wp\/v2\/types\/page"}],"author":[{"embeddable":true,"href":"https:\/\/icbpe.herzen.spb.ru\/index.php?rest_route=\/wp\/v2\/users\/25"}],"replies":[{"embeddable":true,"href":"https:\/\/icbpe.herzen.spb.ru\/index.php?rest_route=%2Fwp%2Fv2%2Fcomments&post=1924"}],"version-history":[{"count":8,"href":"https:\/\/icbpe.herzen.spb.ru\/index.php?rest_route=\/wp\/v2\/pages\/1924\/revisions"}],"predecessor-version":[{"id":2540,"href":"https:\/\/icbpe.herzen.spb.ru\/index.php?rest_route=\/wp\/v2\/pages\/1924\/revisions\/2540"}],"wp:attachment":[{"href":"https:\/\/icbpe.herzen.spb.ru\/index.php?rest_route=%2Fwp%2Fv2%2Fmedia&parent=1924"}],"curies":[{"name":"wp","href":"https:\/\/api.w.org\/{rel}","templated":true}]}}